{"id":109,"date":"2019-07-28T16:24:19","date_gmt":"2019-07-28T14:24:19","guid":{"rendered":"https:\/\/wadowice.schoolpage.pl\/?page_id=109"},"modified":"2024-02-06T18:16:14","modified_gmt":"2024-02-06T17:16:14","slug":"patron","status":"publish","type":"page","link":"https:\/\/wadowice.schoolpage.pl\/index.php\/patron\/","title":{"rendered":"Patron"},"content":{"rendered":"\n<p>Patronem naszego Przedszkola od 2001 roku jest dr Gustaw Studnicki.<br><br>\nBy\u0142 wybitnym pedagogiem, popularyzatorem Ziemi Wadowickiej i Honorowym Obywatelem Miasta Wadowice. Urodzi\u0142 si\u0119 w Barwa\u0142dzie G\u00f3rnym. Studia zakresu matematyki uko\u0144czy\u0142 w Krakowie, uzyskuj\u0105c doktorat w Wy\u017cszej Szkole Pedagogicznej. Publikowa\u0142 materia\u0142y dotycz\u0105ce dydaktyki i historii Matematyki w &#8222;Matematyce&#8221; i &#8222;Wiadomo\u015bciach matematycznych&#8221;. Pasjonowa\u0142 si\u0119 przesz\u0142o\u015bci\u0105 regionu,kt\u00f3rej po\u015bwi\u0119ci\u0142 wiele opracowa\u0144 publikowanych m, in. na \u0142amach &#8222;Nadskawia&#8221; i &#8222;Podbeskidzia&#8221;. Wyda\u0142 monografi\u0119 wadowickiego gimnazjum i liceum (Pierwsza w\u015br\u00f3d r\u00f3wnych&#8221; 1991), kt\u00f3rego by\u0142 absolwentem, matura (1952r.) i czynnym nauczycielem matematyki. Opublikowa\u0142 i wyda\u0142 kilka prac po\u015bwi\u0119conych historii Barwa\u0142du i Wadowic. Jego ostatni\u0105 publikacj\u0105 by\u0142o opracowanie &#8222;Z dzieju kultu Wadowickiej Madonny&#8221;. Po\u015bmiertnie wydano niedoko\u0144czon\u0105 za \u017cycia prac\u0119: &#8221; Kto by\u0142 kim w Wadowicach&#8221; (Wadowickie Centrum Kultury, Zbiory Historyczne Ziemi Wadowickiej im. M. Wadowity, Wadowice 2004). By\u0142a aktywnym dzia\u0142aczem Towarzystwa Mi\u0142o\u015bnik\u00f3w Ziemi Wadowickiej i popularyzatorem wiedzy o Nadskawiu.<br><br>\nZmar\u0142 15 maja 1999 roku, pochowany na cmentarzu parafialnym w Wadowicach.<br><br>\nNasz Patron by\u0142 wspania\u0142ym i wybitnym cz\u0142owiekiem, dlategote\u017c Nasza Plac\u00f3wka jest bardzo dumna i najcz\u0119\u015bciej jak tylko mo\u017ce przypomina przedszkolakom o ich patronie. Dzieciaki odwiedzaj\u0105 gr\u00f3b dr Gustawa Studnickiego, utrzymujemy kontakt z \u017con\u0105 pani\u0105 Aniel\u0105 Studnick\u0105 i rodzin\u0105 patrona -zaproszenia na wa\u017cne uroczysto\u015bci i wydarzenia w Przedszkolu.<\/p>\n\n\n\n<p>24 maja 2020 roku odby\u0142a si\u0119 wielka uroczysto\u015b\u0107, 20-lecie nadania imienia Naszej Plac\u00f3wki. Z tej okazji nast\u0105pi\u0142o uroczyste ods\u0142oni\u0119cie portretu Patrona przez pana Burmistrza Bartosza Kali\u0144skiego i pani\u0105 przewodnicz\u0105ca Rady Rodzic\u00f3w Weronik\u0119 Zaczy\u0144sk\u0105. <\/p>\n\n\n\n<figure class=\"wp-block-image size-full\"><img loading=\"lazy\" decoding=\"async\" width=\"960\" height=\"720\" src=\"https:\/\/wadowice.schoolpage.pl\/wp-content\/uploads\/2023\/02\/patron-zdjecie.jpg\" alt=\"\" class=\"wp-image-1555\" srcset=\"https:\/\/wadowice.schoolpage.pl\/wp-content\/uploads\/2023\/02\/patron-zdjecie.jpg 960w, https:\/\/wadowice.schoolpage.pl\/wp-content\/uploads\/2023\/02\/patron-zdjecie-300x225.jpg 300w, https:\/\/wadowice.schoolpage.pl\/wp-content\/uploads\/2023\/02\/patron-zdjecie-768x576.jpg 768w\" sizes=\"auto, (max-width: 960px) 100vw, 960px\" \/><\/figure>\n","protected":false},"excerpt":{"rendered":"<p>Patronem naszego Przedszkola od 2001 roku jest dr Gustaw Studnicki. By\u0142 wybitnym pedagogiem, popularyzatorem Ziemi Wadowickiej i Honorowym Obywatelem Miasta Wadowice. Urodzi\u0142 si\u0119 w Barwa\u0142dzie G\u00f3rnym. Studia zakresu matematyki uko\u0144czy\u0142 w Krakowie, uzyskuj\u0105c doktorat w Wy\u017cszej Szkole Pedagogicznej. Publikowa\u0142 materia\u0142y<\/p>\n","protected":false},"author":1,"featured_media":0,"parent":0,"menu_order":0,"comment_status":"closed","ping_status":"closed","template":"","meta":{"footnotes":""},"class_list":["post-109","page","type-page","status-publish","hentry"],"yoast_head":"<!-- This site is optimized with the Yoast SEO plugin v27.5 - https:\/\/yoast.com\/product\/yoast-seo-wordpress\/ -->\n<title>Patron - Przedszkole Publiczne Nr 5<\/title>\n<meta name=\"robots\" content=\"index, follow, max-snippet:-1, max-image-preview:large, max-video-preview:-1\" \/>\n<link rel=\"canonical\" href=\"https:\/\/wadowice.schoolpage.pl\/index.php\/patron\/\" \/>\n<meta property=\"og:locale\" content=\"pl_PL\" \/>\n<meta property=\"og:type\" content=\"article\" \/>\n<meta property=\"og:title\" content=\"Patron - Przedszkole Publiczne Nr 5\" \/>\n<meta property=\"og:description\" content=\"Patronem naszego Przedszkola od 2001 roku jest dr Gustaw Studnicki. By\u0142 wybitnym pedagogiem, popularyzatorem Ziemi Wadowickiej i Honorowym Obywatelem Miasta Wadowice. Urodzi\u0142 si\u0119 w Barwa\u0142dzie G\u00f3rnym. Studia zakresu matematyki uko\u0144czy\u0142 w Krakowie, uzyskuj\u0105c doktorat w Wy\u017cszej Szkole Pedagogicznej. Publikowa\u0142 materia\u0142y\" \/>\n<meta property=\"og:url\" content=\"https:\/\/wadowice.schoolpage.pl\/index.php\/patron\/\" \/>\n<meta property=\"og:site_name\" content=\"Przedszkole Publiczne Nr 5\" \/>\n<meta property=\"article:modified_time\" content=\"2024-02-06T17:16:14+00:00\" \/>\n<meta property=\"og:image\" content=\"https:\/\/wadowice.schoolpage.pl\/wp-content\/uploads\/2023\/02\/patron-zdjecie.jpg\" \/>\n<meta name=\"twitter:card\" content=\"summary_large_image\" \/>\n<meta name=\"twitter:label1\" content=\"Szacowany czas czytania\" \/>\n\t<meta name=\"twitter:data1\" content=\"2 minuty\" \/>\n<script type=\"application\/ld+json\" class=\"yoast-schema-graph\">{\"@context\":\"https:\\\/\\\/schema.org\",\"@graph\":[{\"@type\":\"WebPage\",\"@id\":\"https:\\\/\\\/wadowice.schoolpage.pl\\\/index.php\\\/patron\\\/\",\"url\":\"https:\\\/\\\/wadowice.schoolpage.pl\\\/index.php\\\/patron\\\/\",\"name\":\"Patron - Przedszkole Publiczne Nr 5\",\"isPartOf\":{\"@id\":\"https:\\\/\\\/wadowice.schoolpage.pl\\\/#website\"},\"primaryImageOfPage\":{\"@id\":\"https:\\\/\\\/wadowice.schoolpage.pl\\\/index.php\\\/patron\\\/#primaryimage\"},\"image\":{\"@id\":\"https:\\\/\\\/wadowice.schoolpage.pl\\\/index.php\\\/patron\\\/#primaryimage\"},\"thumbnailUrl\":\"https:\\\/\\\/wadowice.schoolpage.pl\\\/wp-content\\\/uploads\\\/2023\\\/02\\\/patron-zdjecie.jpg\",\"datePublished\":\"2019-07-28T14:24:19+00:00\",\"dateModified\":\"2024-02-06T17:16:14+00:00\",\"breadcrumb\":{\"@id\":\"https:\\\/\\\/wadowice.schoolpage.pl\\\/index.php\\\/patron\\\/#breadcrumb\"},\"inLanguage\":\"pl-PL\",\"potentialAction\":[{\"@type\":\"ReadAction\",\"target\":[\"https:\\\/\\\/wadowice.schoolpage.pl\\\/index.php\\\/patron\\\/\"]}]},{\"@type\":\"ImageObject\",\"inLanguage\":\"pl-PL\",\"@id\":\"https:\\\/\\\/wadowice.schoolpage.pl\\\/index.php\\\/patron\\\/#primaryimage\",\"url\":\"https:\\\/\\\/wadowice.schoolpage.pl\\\/wp-content\\\/uploads\\\/2023\\\/02\\\/patron-zdjecie.jpg\",\"contentUrl\":\"https:\\\/\\\/wadowice.schoolpage.pl\\\/wp-content\\\/uploads\\\/2023\\\/02\\\/patron-zdjecie.jpg\",\"width\":960,\"height\":720},{\"@type\":\"BreadcrumbList\",\"@id\":\"https:\\\/\\\/wadowice.schoolpage.pl\\\/index.php\\\/patron\\\/#breadcrumb\",\"itemListElement\":[{\"@type\":\"ListItem\",\"position\":1,\"name\":\"Strona g\u0142\u00f3wna\",\"item\":\"https:\\\/\\\/wadowice.schoolpage.pl\\\/\"},{\"@type\":\"ListItem\",\"position\":2,\"name\":\"Patron\"}]},{\"@type\":\"WebSite\",\"@id\":\"https:\\\/\\\/wadowice.schoolpage.pl\\\/#website\",\"url\":\"https:\\\/\\\/wadowice.schoolpage.pl\\\/\",\"name\":\"Przedszkole Publiczne Nr 5\",\"description\":\"im. dr Gustawa Studnickiego w Wadowicach\",\"potentialAction\":[{\"@type\":\"SearchAction\",\"target\":{\"@type\":\"EntryPoint\",\"urlTemplate\":\"https:\\\/\\\/wadowice.schoolpage.pl\\\/?s={search_term_string}\"},\"query-input\":{\"@type\":\"PropertyValueSpecification\",\"valueRequired\":true,\"valueName\":\"search_term_string\"}}],\"inLanguage\":\"pl-PL\"}]}<\/script>\n<!-- \/ Yoast SEO plugin. -->","yoast_head_json":{"title":"Patron - Przedszkole Publiczne Nr 5","robots":{"index":"index","follow":"follow","max-snippet":"max-snippet:-1","max-image-preview":"max-image-preview:large","max-video-preview":"max-video-preview:-1"},"canonical":"https:\/\/wadowice.schoolpage.pl\/index.php\/patron\/","og_locale":"pl_PL","og_type":"article","og_title":"Patron - Przedszkole Publiczne Nr 5","og_description":"Patronem naszego Przedszkola od 2001 roku jest dr Gustaw Studnicki. By\u0142 wybitnym pedagogiem, popularyzatorem Ziemi Wadowickiej i Honorowym Obywatelem Miasta Wadowice. Urodzi\u0142 si\u0119 w Barwa\u0142dzie G\u00f3rnym. Studia zakresu matematyki uko\u0144czy\u0142 w Krakowie, uzyskuj\u0105c doktorat w Wy\u017cszej Szkole Pedagogicznej. Publikowa\u0142 materia\u0142y","og_url":"https:\/\/wadowice.schoolpage.pl\/index.php\/patron\/","og_site_name":"Przedszkole Publiczne Nr 5","article_modified_time":"2024-02-06T17:16:14+00:00","og_image":[{"url":"https:\/\/wadowice.schoolpage.pl\/wp-content\/uploads\/2023\/02\/patron-zdjecie.jpg","type":"","width":"","height":""}],"twitter_card":"summary_large_image","twitter_misc":{"Szacowany czas czytania":"2 minuty"},"schema":{"@context":"https:\/\/schema.org","@graph":[{"@type":"WebPage","@id":"https:\/\/wadowice.schoolpage.pl\/index.php\/patron\/","url":"https:\/\/wadowice.schoolpage.pl\/index.php\/patron\/","name":"Patron - Przedszkole Publiczne Nr 5","isPartOf":{"@id":"https:\/\/wadowice.schoolpage.pl\/#website"},"primaryImageOfPage":{"@id":"https:\/\/wadowice.schoolpage.pl\/index.php\/patron\/#primaryimage"},"image":{"@id":"https:\/\/wadowice.schoolpage.pl\/index.php\/patron\/#primaryimage"},"thumbnailUrl":"https:\/\/wadowice.schoolpage.pl\/wp-content\/uploads\/2023\/02\/patron-zdjecie.jpg","datePublished":"2019-07-28T14:24:19+00:00","dateModified":"2024-02-06T17:16:14+00:00","breadcrumb":{"@id":"https:\/\/wadowice.schoolpage.pl\/index.php\/patron\/#breadcrumb"},"inLanguage":"pl-PL","potentialAction":[{"@type":"ReadAction","target":["https:\/\/wadowice.schoolpage.pl\/index.php\/patron\/"]}]},{"@type":"ImageObject","inLanguage":"pl-PL","@id":"https:\/\/wadowice.schoolpage.pl\/index.php\/patron\/#primaryimage","url":"https:\/\/wadowice.schoolpage.pl\/wp-content\/uploads\/2023\/02\/patron-zdjecie.jpg","contentUrl":"https:\/\/wadowice.schoolpage.pl\/wp-content\/uploads\/2023\/02\/patron-zdjecie.jpg","width":960,"height":720},{"@type":"BreadcrumbList","@id":"https:\/\/wadowice.schoolpage.pl\/index.php\/patron\/#breadcrumb","itemListElement":[{"@type":"ListItem","position":1,"name":"Strona g\u0142\u00f3wna","item":"https:\/\/wadowice.schoolpage.pl\/"},{"@type":"ListItem","position":2,"name":"Patron"}]},{"@type":"WebSite","@id":"https:\/\/wadowice.schoolpage.pl\/#website","url":"https:\/\/wadowice.schoolpage.pl\/","name":"Przedszkole Publiczne Nr 5","description":"im. dr Gustawa Studnickiego w Wadowicach","potentialAction":[{"@type":"SearchAction","target":{"@type":"EntryPoint","urlTemplate":"https:\/\/wadowice.schoolpage.pl\/?s={search_term_string}"},"query-input":{"@type":"PropertyValueSpecification","valueRequired":true,"valueName":"search_term_string"}}],"inLanguage":"pl-PL"}]}},"_links":{"self":[{"href":"https:\/\/wadowice.schoolpage.pl\/index.php\/wp-json\/wp\/v2\/pages\/109","targetHints":{"allow":["GET"]}}],"collection":[{"href":"https:\/\/wadowice.schoolpage.pl\/index.php\/wp-json\/wp\/v2\/pages"}],"about":[{"href":"https:\/\/wadowice.schoolpage.pl\/index.php\/wp-json\/wp\/v2\/types\/page"}],"author":[{"embeddable":true,"href":"https:\/\/wadowice.schoolpage.pl\/index.php\/wp-json\/wp\/v2\/users\/1"}],"replies":[{"embeddable":true,"href":"https:\/\/wadowice.schoolpage.pl\/index.php\/wp-json\/wp\/v2\/comments?post=109"}],"version-history":[{"count":4,"href":"https:\/\/wadowice.schoolpage.pl\/index.php\/wp-json\/wp\/v2\/pages\/109\/revisions"}],"predecessor-version":[{"id":1556,"href":"https:\/\/wadowice.schoolpage.pl\/index.php\/wp-json\/wp\/v2\/pages\/109\/revisions\/1556"}],"wp:attachment":[{"href":"https:\/\/wadowice.schoolpage.pl\/index.php\/wp-json\/wp\/v2\/media?parent=109"}],"curies":[{"name":"wp","href":"https:\/\/api.w.org\/{rel}","templated":true}]}}