{"id":2411,"date":"2026-04-20T20:11:34","date_gmt":"2026-04-20T18:11:34","guid":{"rendered":"https:\/\/wadowice.schoolpage.pl\/?page_id=2411"},"modified":"2026-04-20T21:07:38","modified_gmt":"2026-04-20T19:07:38","slug":"projekty","status":"publish","type":"page","link":"https:\/\/wadowice.schoolpage.pl\/index.php\/projekty\/","title":{"rendered":"Projekty"},"content":{"rendered":"\n<div class=\"wp-block-media-text is-stacked-on-mobile\"><figure class=\"wp-block-media-text__media\"><a href=\"https:\/\/wadowice.schoolpage.pl\/index.php\/2025\/11\/07\/projekt-dwujezyczny-maluch\/\"><img loading=\"lazy\" decoding=\"async\" width=\"1024\" height=\"768\" src=\"https:\/\/wadowice.schoolpage.pl\/wp-content\/uploads\/2026\/04\/dwujezyczny_maluch.jpg\" alt=\"\" class=\"wp-image-2415 size-full\" srcset=\"https:\/\/wadowice.schoolpage.pl\/wp-content\/uploads\/2026\/04\/dwujezyczny_maluch.jpg 1024w, https:\/\/wadowice.schoolpage.pl\/wp-content\/uploads\/2026\/04\/dwujezyczny_maluch-300x225.jpg 300w, https:\/\/wadowice.schoolpage.pl\/wp-content\/uploads\/2026\/04\/dwujezyczny_maluch-768x576.jpg 768w\" sizes=\"auto, (max-width: 1024px) 100vw, 1024px\" \/><\/a><\/figure><div class=\"wp-block-media-text__content\">\n<h2 class=\"wp-block-heading\"><strong>&#8222;Dwuj\u0119zyczny maluch&#8221;<\/strong><\/h2>\n\n\n\n<p class=\"has-text-align-left\">W naszym przedszkolu realizowany jest projekt unijny &#8222;Dwuj\u0119zyczny Maluch&#8221; dla dzieci w wieku od 3 do 6 lat. Inicjatywa ta ma na celu wprowadzenie najm\u0142odszych w \u015bwiat j\u0119zyka obcego w spos\u00f3b naturalny, przyjazny &#8211; dostoswany do ich mo\u017cliwo\u015bci rozwojowych.<\/p>\n<\/div><\/div>\n\n\n\n<p><\/p>\n","protected":false},"excerpt":{"rendered":"<p>&#8222;Dwuj\u0119zyczny maluch&#8221; W naszym przedszkolu realizowany jest projekt unijny &#8222;Dwuj\u0119zyczny Maluch&#8221; dla dzieci w wieku od 3 do 6 lat. Inicjatywa ta ma na celu wprowadzenie najm\u0142odszych w \u015bwiat j\u0119zyka obcego w spos\u00f3b naturalny, przyjazny &#8211; dostoswany do ich mo\u017cliwo\u015bci<\/p>\n","protected":false},"author":2,"featured_media":0,"parent":0,"menu_order":0,"comment_status":"closed","ping_status":"closed","template":"","meta":{"footnotes":""},"class_list":["post-2411","page","type-page","status-publish","hentry"],"yoast_head":"<!-- This site is optimized with the Yoast SEO plugin v27.4 - https:\/\/yoast.com\/product\/yoast-seo-wordpress\/ -->\n<title>Projekty - Przedszkole Publiczne Nr 5<\/title>\n<meta name=\"robots\" content=\"index, follow, max-snippet:-1, max-image-preview:large, max-video-preview:-1\" \/>\n<link rel=\"canonical\" href=\"https:\/\/wadowice.schoolpage.pl\/index.php\/projekty\/\" \/>\n<meta property=\"og:locale\" content=\"pl_PL\" \/>\n<meta property=\"og:type\" content=\"article\" \/>\n<meta property=\"og:title\" content=\"Projekty - Przedszkole Publiczne Nr 5\" \/>\n<meta property=\"og:description\" content=\"&#8222;Dwuj\u0119zyczny maluch&#8221; W naszym przedszkolu realizowany jest projekt unijny &#8222;Dwuj\u0119zyczny Maluch&#8221; dla dzieci w wieku od 3 do 6 lat. Inicjatywa ta ma na celu wprowadzenie najm\u0142odszych w \u015bwiat j\u0119zyka obcego w spos\u00f3b naturalny, przyjazny &#8211; dostoswany do ich mo\u017cliwo\u015bci\" \/>\n<meta property=\"og:url\" content=\"https:\/\/wadowice.schoolpage.pl\/index.php\/projekty\/\" \/>\n<meta property=\"og:site_name\" content=\"Przedszkole Publiczne Nr 5\" \/>\n<meta property=\"article:modified_time\" content=\"2026-04-20T19:07:38+00:00\" \/>\n<meta property=\"og:image\" content=\"https:\/\/wadowice.schoolpage.pl\/wp-content\/uploads\/2026\/04\/dwujezyczny_maluch.jpg\" \/>\n\t<meta property=\"og:image:width\" content=\"1024\" \/>\n\t<meta property=\"og:image:height\" content=\"768\" \/>\n\t<meta property=\"og:image:type\" content=\"image\/jpeg\" \/>\n<meta name=\"twitter:card\" content=\"summary_large_image\" \/>\n<meta name=\"twitter:label1\" content=\"Szacowany czas czytania\" \/>\n\t<meta name=\"twitter:data1\" content=\"1 minuta\" \/>\n<script type=\"application\/ld+json\" class=\"yoast-schema-graph\">{\"@context\":\"https:\\\/\\\/schema.org\",\"@graph\":[{\"@type\":\"WebPage\",\"@id\":\"https:\\\/\\\/wadowice.schoolpage.pl\\\/index.php\\\/projekty\\\/\",\"url\":\"https:\\\/\\\/wadowice.schoolpage.pl\\\/index.php\\\/projekty\\\/\",\"name\":\"Projekty - Przedszkole Publiczne Nr 5\",\"isPartOf\":{\"@id\":\"https:\\\/\\\/wadowice.schoolpage.pl\\\/#website\"},\"primaryImageOfPage\":{\"@id\":\"https:\\\/\\\/wadowice.schoolpage.pl\\\/index.php\\\/projekty\\\/#primaryimage\"},\"image\":{\"@id\":\"https:\\\/\\\/wadowice.schoolpage.pl\\\/index.php\\\/projekty\\\/#primaryimage\"},\"thumbnailUrl\":\"https:\\\/\\\/wadowice.schoolpage.pl\\\/wp-content\\\/uploads\\\/2026\\\/04\\\/dwujezyczny_maluch.jpg\",\"datePublished\":\"2026-04-20T18:11:34+00:00\",\"dateModified\":\"2026-04-20T19:07:38+00:00\",\"breadcrumb\":{\"@id\":\"https:\\\/\\\/wadowice.schoolpage.pl\\\/index.php\\\/projekty\\\/#breadcrumb\"},\"inLanguage\":\"pl-PL\",\"potentialAction\":[{\"@type\":\"ReadAction\",\"target\":[\"https:\\\/\\\/wadowice.schoolpage.pl\\\/index.php\\\/projekty\\\/\"]}]},{\"@type\":\"ImageObject\",\"inLanguage\":\"pl-PL\",\"@id\":\"https:\\\/\\\/wadowice.schoolpage.pl\\\/index.php\\\/projekty\\\/#primaryimage\",\"url\":\"https:\\\/\\\/wadowice.schoolpage.pl\\\/wp-content\\\/uploads\\\/2026\\\/04\\\/dwujezyczny_maluch.jpg\",\"contentUrl\":\"https:\\\/\\\/wadowice.schoolpage.pl\\\/wp-content\\\/uploads\\\/2026\\\/04\\\/dwujezyczny_maluch.jpg\",\"width\":1024,\"height\":768},{\"@type\":\"BreadcrumbList\",\"@id\":\"https:\\\/\\\/wadowice.schoolpage.pl\\\/index.php\\\/projekty\\\/#breadcrumb\",\"itemListElement\":[{\"@type\":\"ListItem\",\"position\":1,\"name\":\"Strona g\u0142\u00f3wna\",\"item\":\"https:\\\/\\\/wadowice.schoolpage.pl\\\/\"},{\"@type\":\"ListItem\",\"position\":2,\"name\":\"Projekty\"}]},{\"@type\":\"WebSite\",\"@id\":\"https:\\\/\\\/wadowice.schoolpage.pl\\\/#website\",\"url\":\"https:\\\/\\\/wadowice.schoolpage.pl\\\/\",\"name\":\"Przedszkole Publiczne Nr 5\",\"description\":\"im. dr Gustawa Studnickiego w Wadowicach\",\"potentialAction\":[{\"@type\":\"SearchAction\",\"target\":{\"@type\":\"EntryPoint\",\"urlTemplate\":\"https:\\\/\\\/wadowice.schoolpage.pl\\\/?s={search_term_string}\"},\"query-input\":{\"@type\":\"PropertyValueSpecification\",\"valueRequired\":true,\"valueName\":\"search_term_string\"}}],\"inLanguage\":\"pl-PL\"}]}<\/script>\n<!-- \/ Yoast SEO plugin. -->","yoast_head_json":{"title":"Projekty - Przedszkole Publiczne Nr 5","robots":{"index":"index","follow":"follow","max-snippet":"max-snippet:-1","max-image-preview":"max-image-preview:large","max-video-preview":"max-video-preview:-1"},"canonical":"https:\/\/wadowice.schoolpage.pl\/index.php\/projekty\/","og_locale":"pl_PL","og_type":"article","og_title":"Projekty - Przedszkole Publiczne Nr 5","og_description":"&#8222;Dwuj\u0119zyczny maluch&#8221; W naszym przedszkolu realizowany jest projekt unijny &#8222;Dwuj\u0119zyczny Maluch&#8221; dla dzieci w wieku od 3 do 6 lat. Inicjatywa ta ma na celu wprowadzenie najm\u0142odszych w \u015bwiat j\u0119zyka obcego w spos\u00f3b naturalny, przyjazny &#8211; dostoswany do ich mo\u017cliwo\u015bci","og_url":"https:\/\/wadowice.schoolpage.pl\/index.php\/projekty\/","og_site_name":"Przedszkole Publiczne Nr 5","article_modified_time":"2026-04-20T19:07:38+00:00","og_image":[{"width":1024,"height":768,"url":"https:\/\/wadowice.schoolpage.pl\/wp-content\/uploads\/2026\/04\/dwujezyczny_maluch.jpg","type":"image\/jpeg"}],"twitter_card":"summary_large_image","twitter_misc":{"Szacowany czas czytania":"1 minuta"},"schema":{"@context":"https:\/\/schema.org","@graph":[{"@type":"WebPage","@id":"https:\/\/wadowice.schoolpage.pl\/index.php\/projekty\/","url":"https:\/\/wadowice.schoolpage.pl\/index.php\/projekty\/","name":"Projekty - Przedszkole Publiczne Nr 5","isPartOf":{"@id":"https:\/\/wadowice.schoolpage.pl\/#website"},"primaryImageOfPage":{"@id":"https:\/\/wadowice.schoolpage.pl\/index.php\/projekty\/#primaryimage"},"image":{"@id":"https:\/\/wadowice.schoolpage.pl\/index.php\/projekty\/#primaryimage"},"thumbnailUrl":"https:\/\/wadowice.schoolpage.pl\/wp-content\/uploads\/2026\/04\/dwujezyczny_maluch.jpg","datePublished":"2026-04-20T18:11:34+00:00","dateModified":"2026-04-20T19:07:38+00:00","breadcrumb":{"@id":"https:\/\/wadowice.schoolpage.pl\/index.php\/projekty\/#breadcrumb"},"inLanguage":"pl-PL","potentialAction":[{"@type":"ReadAction","target":["https:\/\/wadowice.schoolpage.pl\/index.php\/projekty\/"]}]},{"@type":"ImageObject","inLanguage":"pl-PL","@id":"https:\/\/wadowice.schoolpage.pl\/index.php\/projekty\/#primaryimage","url":"https:\/\/wadowice.schoolpage.pl\/wp-content\/uploads\/2026\/04\/dwujezyczny_maluch.jpg","contentUrl":"https:\/\/wadowice.schoolpage.pl\/wp-content\/uploads\/2026\/04\/dwujezyczny_maluch.jpg","width":1024,"height":768},{"@type":"BreadcrumbList","@id":"https:\/\/wadowice.schoolpage.pl\/index.php\/projekty\/#breadcrumb","itemListElement":[{"@type":"ListItem","position":1,"name":"Strona g\u0142\u00f3wna","item":"https:\/\/wadowice.schoolpage.pl\/"},{"@type":"ListItem","position":2,"name":"Projekty"}]},{"@type":"WebSite","@id":"https:\/\/wadowice.schoolpage.pl\/#website","url":"https:\/\/wadowice.schoolpage.pl\/","name":"Przedszkole Publiczne Nr 5","description":"im. dr Gustawa Studnickiego w Wadowicach","potentialAction":[{"@type":"SearchAction","target":{"@type":"EntryPoint","urlTemplate":"https:\/\/wadowice.schoolpage.pl\/?s={search_term_string}"},"query-input":{"@type":"PropertyValueSpecification","valueRequired":true,"valueName":"search_term_string"}}],"inLanguage":"pl-PL"}]}},"_links":{"self":[{"href":"https:\/\/wadowice.schoolpage.pl\/index.php\/wp-json\/wp\/v2\/pages\/2411","targetHints":{"allow":["GET"]}}],"collection":[{"href":"https:\/\/wadowice.schoolpage.pl\/index.php\/wp-json\/wp\/v2\/pages"}],"about":[{"href":"https:\/\/wadowice.schoolpage.pl\/index.php\/wp-json\/wp\/v2\/types\/page"}],"author":[{"embeddable":true,"href":"https:\/\/wadowice.schoolpage.pl\/index.php\/wp-json\/wp\/v2\/users\/2"}],"replies":[{"embeddable":true,"href":"https:\/\/wadowice.schoolpage.pl\/index.php\/wp-json\/wp\/v2\/comments?post=2411"}],"version-history":[{"count":8,"href":"https:\/\/wadowice.schoolpage.pl\/index.php\/wp-json\/wp\/v2\/pages\/2411\/revisions"}],"predecessor-version":[{"id":2457,"href":"https:\/\/wadowice.schoolpage.pl\/index.php\/wp-json\/wp\/v2\/pages\/2411\/revisions\/2457"}],"wp:attachment":[{"href":"https:\/\/wadowice.schoolpage.pl\/index.php\/wp-json\/wp\/v2\/media?parent=2411"}],"curies":[{"name":"wp","href":"https:\/\/api.w.org\/{rel}","templated":true}]}}