{"id":57,"date":"2019-07-28T15:39:10","date_gmt":"2019-07-28T13:39:10","guid":{"rendered":"https:\/\/wadowice.schoolpage.pl\/?page_id=57"},"modified":"2024-02-06T18:15:23","modified_gmt":"2024-02-06T17:15:23","slug":"przedszkole","status":"publish","type":"page","link":"https:\/\/wadowice.schoolpage.pl\/index.php\/przedszkole\/","title":{"rendered":"Przedszkole"},"content":{"rendered":"\n<p>GRUPY PRZEDSZKOLNE:<br> ODDZ. I  &#8222;SMYKI&#8221;- mgr Monika Fornal, mgr Urszula Maziarz<br> ODDZ. II &#8222;SMERFY&#8221;- mgr Aleksandra P\u0142onka, mgr El\u017cbieta Cholewa<br> ODDZ. III &#8222;KRASNALE&#8221; &#8211; mgr Danuta Zaj\u0105c<br> ODDZ. IV &#8222;SKRZATY&#8221;-  mgr Marta \u015aliwa, mgr Urszula Maziarz <br> ODDZ. V &#8222;ZUCHY&#8221;-mgr Beata Bizo\u0144-Garbacz, Anna \u0141asak<br> ODDZ.VI &#8222;ELFY&#8221;- mgr Katarzyna Oko\u0142ot, mgr Barbara Fluder, mgr Angelika \u017bak <\/p>\n","protected":false},"excerpt":{"rendered":"<p>GRUPY PRZEDSZKOLNE: ODDZ. I &#8222;SMYKI&#8221;- mgr Monika Fornal, mgr Urszula Maziarz ODDZ. II &#8222;SMERFY&#8221;- mgr Aleksandra P\u0142onka, mgr El\u017cbieta Cholewa ODDZ. III &#8222;KRASNALE&#8221; &#8211; mgr Danuta Zaj\u0105c ODDZ. IV &#8222;SKRZATY&#8221;- mgr Marta \u015aliwa, mgr Urszula Maziarz ODDZ. V &#8222;ZUCHY&#8221;-mgr Beata<\/p>\n","protected":false},"author":1,"featured_media":0,"parent":0,"menu_order":0,"comment_status":"closed","ping_status":"closed","template":"","meta":{"footnotes":""},"class_list":["post-57","page","type-page","status-publish","hentry"],"yoast_head":"<!-- This site is optimized with the Yoast SEO plugin v27.5 - https:\/\/yoast.com\/product\/yoast-seo-wordpress\/ -->\n<title>Przedszkole - Przedszkole Publiczne Nr 5<\/title>\n<meta name=\"robots\" content=\"index, follow, max-snippet:-1, max-image-preview:large, max-video-preview:-1\" \/>\n<link rel=\"canonical\" href=\"https:\/\/wadowice.schoolpage.pl\/index.php\/przedszkole\/\" \/>\n<meta property=\"og:locale\" content=\"pl_PL\" \/>\n<meta property=\"og:type\" content=\"article\" \/>\n<meta property=\"og:title\" content=\"Przedszkole - Przedszkole Publiczne Nr 5\" \/>\n<meta property=\"og:description\" content=\"GRUPY PRZEDSZKOLNE: ODDZ. I &#8222;SMYKI&#8221;- mgr Monika Fornal, mgr Urszula Maziarz ODDZ. II &#8222;SMERFY&#8221;- mgr Aleksandra P\u0142onka, mgr El\u017cbieta Cholewa ODDZ. III &#8222;KRASNALE&#8221; &#8211; mgr Danuta Zaj\u0105c ODDZ. IV &#8222;SKRZATY&#8221;- mgr Marta \u015aliwa, mgr Urszula Maziarz ODDZ. V &#8222;ZUCHY&#8221;-mgr Beata\" \/>\n<meta property=\"og:url\" content=\"https:\/\/wadowice.schoolpage.pl\/index.php\/przedszkole\/\" \/>\n<meta property=\"og:site_name\" content=\"Przedszkole Publiczne Nr 5\" \/>\n<meta property=\"article:modified_time\" content=\"2024-02-06T17:15:23+00:00\" \/>\n<meta name=\"twitter:card\" content=\"summary_large_image\" \/>\n<meta name=\"twitter:label1\" content=\"Szacowany czas czytania\" \/>\n\t<meta name=\"twitter:data1\" content=\"1 minuta\" \/>\n<script type=\"application\/ld+json\" class=\"yoast-schema-graph\">{\"@context\":\"https:\\\/\\\/schema.org\",\"@graph\":[{\"@type\":\"WebPage\",\"@id\":\"https:\\\/\\\/wadowice.schoolpage.pl\\\/index.php\\\/przedszkole\\\/\",\"url\":\"https:\\\/\\\/wadowice.schoolpage.pl\\\/index.php\\\/przedszkole\\\/\",\"name\":\"Przedszkole - Przedszkole Publiczne Nr 5\",\"isPartOf\":{\"@id\":\"https:\\\/\\\/wadowice.schoolpage.pl\\\/#website\"},\"datePublished\":\"2019-07-28T13:39:10+00:00\",\"dateModified\":\"2024-02-06T17:15:23+00:00\",\"breadcrumb\":{\"@id\":\"https:\\\/\\\/wadowice.schoolpage.pl\\\/index.php\\\/przedszkole\\\/#breadcrumb\"},\"inLanguage\":\"pl-PL\",\"potentialAction\":[{\"@type\":\"ReadAction\",\"target\":[\"https:\\\/\\\/wadowice.schoolpage.pl\\\/index.php\\\/przedszkole\\\/\"]}]},{\"@type\":\"BreadcrumbList\",\"@id\":\"https:\\\/\\\/wadowice.schoolpage.pl\\\/index.php\\\/przedszkole\\\/#breadcrumb\",\"itemListElement\":[{\"@type\":\"ListItem\",\"position\":1,\"name\":\"Strona g\u0142\u00f3wna\",\"item\":\"https:\\\/\\\/wadowice.schoolpage.pl\\\/\"},{\"@type\":\"ListItem\",\"position\":2,\"name\":\"Przedszkole\"}]},{\"@type\":\"WebSite\",\"@id\":\"https:\\\/\\\/wadowice.schoolpage.pl\\\/#website\",\"url\":\"https:\\\/\\\/wadowice.schoolpage.pl\\\/\",\"name\":\"Przedszkole Publiczne Nr 5\",\"description\":\"im. dr Gustawa Studnickiego w Wadowicach\",\"potentialAction\":[{\"@type\":\"SearchAction\",\"target\":{\"@type\":\"EntryPoint\",\"urlTemplate\":\"https:\\\/\\\/wadowice.schoolpage.pl\\\/?s={search_term_string}\"},\"query-input\":{\"@type\":\"PropertyValueSpecification\",\"valueRequired\":true,\"valueName\":\"search_term_string\"}}],\"inLanguage\":\"pl-PL\"}]}<\/script>\n<!-- \/ Yoast SEO plugin. -->","yoast_head_json":{"title":"Przedszkole - Przedszkole Publiczne Nr 5","robots":{"index":"index","follow":"follow","max-snippet":"max-snippet:-1","max-image-preview":"max-image-preview:large","max-video-preview":"max-video-preview:-1"},"canonical":"https:\/\/wadowice.schoolpage.pl\/index.php\/przedszkole\/","og_locale":"pl_PL","og_type":"article","og_title":"Przedszkole - Przedszkole Publiczne Nr 5","og_description":"GRUPY PRZEDSZKOLNE: ODDZ. I &#8222;SMYKI&#8221;- mgr Monika Fornal, mgr Urszula Maziarz ODDZ. II &#8222;SMERFY&#8221;- mgr Aleksandra P\u0142onka, mgr El\u017cbieta Cholewa ODDZ. III &#8222;KRASNALE&#8221; &#8211; mgr Danuta Zaj\u0105c ODDZ. IV &#8222;SKRZATY&#8221;- mgr Marta \u015aliwa, mgr Urszula Maziarz ODDZ. V &#8222;ZUCHY&#8221;-mgr Beata","og_url":"https:\/\/wadowice.schoolpage.pl\/index.php\/przedszkole\/","og_site_name":"Przedszkole Publiczne Nr 5","article_modified_time":"2024-02-06T17:15:23+00:00","twitter_card":"summary_large_image","twitter_misc":{"Szacowany czas czytania":"1 minuta"},"schema":{"@context":"https:\/\/schema.org","@graph":[{"@type":"WebPage","@id":"https:\/\/wadowice.schoolpage.pl\/index.php\/przedszkole\/","url":"https:\/\/wadowice.schoolpage.pl\/index.php\/przedszkole\/","name":"Przedszkole - Przedszkole Publiczne Nr 5","isPartOf":{"@id":"https:\/\/wadowice.schoolpage.pl\/#website"},"datePublished":"2019-07-28T13:39:10+00:00","dateModified":"2024-02-06T17:15:23+00:00","breadcrumb":{"@id":"https:\/\/wadowice.schoolpage.pl\/index.php\/przedszkole\/#breadcrumb"},"inLanguage":"pl-PL","potentialAction":[{"@type":"ReadAction","target":["https:\/\/wadowice.schoolpage.pl\/index.php\/przedszkole\/"]}]},{"@type":"BreadcrumbList","@id":"https:\/\/wadowice.schoolpage.pl\/index.php\/przedszkole\/#breadcrumb","itemListElement":[{"@type":"ListItem","position":1,"name":"Strona g\u0142\u00f3wna","item":"https:\/\/wadowice.schoolpage.pl\/"},{"@type":"ListItem","position":2,"name":"Przedszkole"}]},{"@type":"WebSite","@id":"https:\/\/wadowice.schoolpage.pl\/#website","url":"https:\/\/wadowice.schoolpage.pl\/","name":"Przedszkole Publiczne Nr 5","description":"im. dr Gustawa Studnickiego w Wadowicach","potentialAction":[{"@type":"SearchAction","target":{"@type":"EntryPoint","urlTemplate":"https:\/\/wadowice.schoolpage.pl\/?s={search_term_string}"},"query-input":{"@type":"PropertyValueSpecification","valueRequired":true,"valueName":"search_term_string"}}],"inLanguage":"pl-PL"}]}},"_links":{"self":[{"href":"https:\/\/wadowice.schoolpage.pl\/index.php\/wp-json\/wp\/v2\/pages\/57","targetHints":{"allow":["GET"]}}],"collection":[{"href":"https:\/\/wadowice.schoolpage.pl\/index.php\/wp-json\/wp\/v2\/pages"}],"about":[{"href":"https:\/\/wadowice.schoolpage.pl\/index.php\/wp-json\/wp\/v2\/types\/page"}],"author":[{"embeddable":true,"href":"https:\/\/wadowice.schoolpage.pl\/index.php\/wp-json\/wp\/v2\/users\/1"}],"replies":[{"embeddable":true,"href":"https:\/\/wadowice.schoolpage.pl\/index.php\/wp-json\/wp\/v2\/comments?post=57"}],"version-history":[{"count":3,"href":"https:\/\/wadowice.schoolpage.pl\/index.php\/wp-json\/wp\/v2\/pages\/57\/revisions"}],"predecessor-version":[{"id":1551,"href":"https:\/\/wadowice.schoolpage.pl\/index.php\/wp-json\/wp\/v2\/pages\/57\/revisions\/1551"}],"wp:attachment":[{"href":"https:\/\/wadowice.schoolpage.pl\/index.php\/wp-json\/wp\/v2\/media?parent=57"}],"curies":[{"name":"wp","href":"https:\/\/api.w.org\/{rel}","templated":true}]}}