{"id":62,"date":"2019-07-28T15:40:04","date_gmt":"2019-07-28T13:40:04","guid":{"rendered":"https:\/\/wadowice.schoolpage.pl\/?page_id=62"},"modified":"2024-08-14T14:38:30","modified_gmt":"2024-08-14T12:38:30","slug":"dokumenty","status":"publish","type":"page","link":"https:\/\/wadowice.schoolpage.pl\/index.php\/przedszkole\/dokumenty\/","title":{"rendered":"Dokumenty"},"content":{"rendered":"\n<div class=\"wp-block-file\"><a href=\"https:\/\/wadowice.schoolpage.pl\/wp-content\/uploads\/2019\/07\/KONCEPCJA-PRACY-PRZEDSZKOLA-PUBLICZNEGO-NR-5.pdf\">KONCEPCJA PRACY PRZEDSZKOLA PUBLICZNEGO NR 5<\/a><a href=\"https:\/\/wadowice.schoolpage.pl\/wp-content\/uploads\/2019\/07\/KONCEPCJA-PRACY-PRZEDSZKOLA-PUBLICZNEGO-NR-5.pdf\" class=\"wp-block-file__button wp-element-button\" download>Pobierz<\/a><\/div>\n\n\n\n<div class=\"wp-block-file\"><a href=\"https:\/\/wadowice.schoolpage.pl\/wp-content\/uploads\/2021\/05\/STATUT-PP5.doc.pdf\">STATUT PP5.doc<\/a><a href=\"https:\/\/wadowice.schoolpage.pl\/wp-content\/uploads\/2021\/05\/STATUT-PP5.doc.pdf\" class=\"wp-block-file__button wp-element-button\" download>Pobierz<\/a><\/div>\n\n\n\n<div class=\"wp-block-file\"><a id=\"wp-block-file--media-d505c1b8-6b9f-42ab-99b3-08f419de198a\" href=\"https:\/\/wadowice.schoolpage.pl\/wp-content\/uploads\/2024\/08\/Standardy-Ochrony-Maloletnich-w-Przedszkolu-Publicznym-nr-5.doc\">Standardy-Ochrony-Maloletnich-w-Przedszkolu Publicznym nr 5<\/a><a href=\"https:\/\/wadowice.schoolpage.pl\/wp-content\/uploads\/2024\/08\/Standardy-Ochrony-Maloletnich-w-Przedszkolu-Publicznym-nr-5.doc\" class=\"wp-block-file__button wp-element-button\" download aria-describedby=\"wp-block-file--media-d505c1b8-6b9f-42ab-99b3-08f419de198a\">Pobierz<\/a><\/div>\n\n\n\n<div class=\"wp-block-file\"><a id=\"wp-block-file--media-ada1d4d7-1dd5-4737-9cd5-4be673739bba\" href=\"https:\/\/wadowice.schoolpage.pl\/wp-content\/uploads\/2024\/08\/Zalacznik-nr-1-do-Rozdzialu-4-procedury-w-przedszkolu-1.odt\">Zalacznik nr 1 -do-Rozdzialu-4-procedury-w-przedszkolu-1<\/a><a href=\"https:\/\/wadowice.schoolpage.pl\/wp-content\/uploads\/2024\/08\/Zalacznik-nr-1-do-Rozdzialu-4-procedury-w-przedszkolu-1.odt\" class=\"wp-block-file__button wp-element-button\" download aria-describedby=\"wp-block-file--media-ada1d4d7-1dd5-4737-9cd5-4be673739bba\">Pobierz<\/a><\/div>\n\n\n\n<div class=\"wp-block-file\"><a id=\"wp-block-file--media-d196942d-5001-4ddb-af9a-fc1e3ec23d1c\" href=\"https:\/\/wadowice.schoolpage.pl\/wp-content\/uploads\/2024\/08\/Zalacznik-nr-2-Oswiadczenie-o-zapoznaniu-sie-ze-Standardami-1.doc\">Za\u0142\u0105cznik nr 2 O\u015bwiadczenie o zapoznaniu si\u0119 ze Standardami (1)<\/a><a href=\"https:\/\/wadowice.schoolpage.pl\/wp-content\/uploads\/2024\/08\/Zalacznik-nr-2-Oswiadczenie-o-zapoznaniu-sie-ze-Standardami-1.doc\" class=\"wp-block-file__button wp-element-button\" download aria-describedby=\"wp-block-file--media-d196942d-5001-4ddb-af9a-fc1e3ec23d1c\">Pobierz<\/a><\/div>\n\n\n","protected":false},"excerpt":{"rendered":"","protected":false},"author":1,"featured_media":0,"parent":57,"menu_order":0,"comment_status":"closed","ping_status":"closed","template":"","meta":{"footnotes":""},"class_list":["post-62","page","type-page","status-publish","hentry"],"yoast_head":"<!-- This site is optimized with the Yoast SEO plugin v27.5 - https:\/\/yoast.com\/product\/yoast-seo-wordpress\/ -->\n<title>Dokumenty - Przedszkole Publiczne Nr 5<\/title>\n<meta name=\"robots\" content=\"index, follow, max-snippet:-1, max-image-preview:large, max-video-preview:-1\" \/>\n<link rel=\"canonical\" href=\"https:\/\/wadowice.schoolpage.pl\/index.php\/przedszkole\/dokumenty\/\" \/>\n<meta property=\"og:locale\" content=\"pl_PL\" \/>\n<meta property=\"og:type\" content=\"article\" \/>\n<meta property=\"og:title\" content=\"Dokumenty - Przedszkole Publiczne Nr 5\" \/>\n<meta property=\"og:url\" content=\"https:\/\/wadowice.schoolpage.pl\/index.php\/przedszkole\/dokumenty\/\" \/>\n<meta property=\"og:site_name\" content=\"Przedszkole Publiczne Nr 5\" \/>\n<meta property=\"article:modified_time\" content=\"2024-08-14T12:38:30+00:00\" \/>\n<meta name=\"twitter:card\" content=\"summary_large_image\" \/>\n<meta name=\"twitter:label1\" content=\"Szacowany czas czytania\" \/>\n\t<meta name=\"twitter:data1\" content=\"1 minuta\" \/>\n<script type=\"application\/ld+json\" class=\"yoast-schema-graph\">{\"@context\":\"https:\\\/\\\/schema.org\",\"@graph\":[{\"@type\":\"WebPage\",\"@id\":\"https:\\\/\\\/wadowice.schoolpage.pl\\\/index.php\\\/przedszkole\\\/dokumenty\\\/\",\"url\":\"https:\\\/\\\/wadowice.schoolpage.pl\\\/index.php\\\/przedszkole\\\/dokumenty\\\/\",\"name\":\"Dokumenty - Przedszkole Publiczne Nr 5\",\"isPartOf\":{\"@id\":\"https:\\\/\\\/wadowice.schoolpage.pl\\\/#website\"},\"datePublished\":\"2019-07-28T13:40:04+00:00\",\"dateModified\":\"2024-08-14T12:38:30+00:00\",\"breadcrumb\":{\"@id\":\"https:\\\/\\\/wadowice.schoolpage.pl\\\/index.php\\\/przedszkole\\\/dokumenty\\\/#breadcrumb\"},\"inLanguage\":\"pl-PL\",\"potentialAction\":[{\"@type\":\"ReadAction\",\"target\":[\"https:\\\/\\\/wadowice.schoolpage.pl\\\/index.php\\\/przedszkole\\\/dokumenty\\\/\"]}]},{\"@type\":\"BreadcrumbList\",\"@id\":\"https:\\\/\\\/wadowice.schoolpage.pl\\\/index.php\\\/przedszkole\\\/dokumenty\\\/#breadcrumb\",\"itemListElement\":[{\"@type\":\"ListItem\",\"position\":1,\"name\":\"Strona g\u0142\u00f3wna\",\"item\":\"https:\\\/\\\/wadowice.schoolpage.pl\\\/\"},{\"@type\":\"ListItem\",\"position\":2,\"name\":\"Przedszkole\",\"item\":\"https:\\\/\\\/wadowice.schoolpage.pl\\\/index.php\\\/przedszkole\\\/\"},{\"@type\":\"ListItem\",\"position\":3,\"name\":\"Dokumenty\"}]},{\"@type\":\"WebSite\",\"@id\":\"https:\\\/\\\/wadowice.schoolpage.pl\\\/#website\",\"url\":\"https:\\\/\\\/wadowice.schoolpage.pl\\\/\",\"name\":\"Przedszkole Publiczne Nr 5\",\"description\":\"im. dr Gustawa Studnickiego w Wadowicach\",\"potentialAction\":[{\"@type\":\"SearchAction\",\"target\":{\"@type\":\"EntryPoint\",\"urlTemplate\":\"https:\\\/\\\/wadowice.schoolpage.pl\\\/?s={search_term_string}\"},\"query-input\":{\"@type\":\"PropertyValueSpecification\",\"valueRequired\":true,\"valueName\":\"search_term_string\"}}],\"inLanguage\":\"pl-PL\"}]}<\/script>\n<!-- \/ Yoast SEO plugin. -->","yoast_head_json":{"title":"Dokumenty - Przedszkole Publiczne Nr 5","robots":{"index":"index","follow":"follow","max-snippet":"max-snippet:-1","max-image-preview":"max-image-preview:large","max-video-preview":"max-video-preview:-1"},"canonical":"https:\/\/wadowice.schoolpage.pl\/index.php\/przedszkole\/dokumenty\/","og_locale":"pl_PL","og_type":"article","og_title":"Dokumenty - Przedszkole Publiczne Nr 5","og_url":"https:\/\/wadowice.schoolpage.pl\/index.php\/przedszkole\/dokumenty\/","og_site_name":"Przedszkole Publiczne Nr 5","article_modified_time":"2024-08-14T12:38:30+00:00","twitter_card":"summary_large_image","twitter_misc":{"Szacowany czas czytania":"1 minuta"},"schema":{"@context":"https:\/\/schema.org","@graph":[{"@type":"WebPage","@id":"https:\/\/wadowice.schoolpage.pl\/index.php\/przedszkole\/dokumenty\/","url":"https:\/\/wadowice.schoolpage.pl\/index.php\/przedszkole\/dokumenty\/","name":"Dokumenty - Przedszkole Publiczne Nr 5","isPartOf":{"@id":"https:\/\/wadowice.schoolpage.pl\/#website"},"datePublished":"2019-07-28T13:40:04+00:00","dateModified":"2024-08-14T12:38:30+00:00","breadcrumb":{"@id":"https:\/\/wadowice.schoolpage.pl\/index.php\/przedszkole\/dokumenty\/#breadcrumb"},"inLanguage":"pl-PL","potentialAction":[{"@type":"ReadAction","target":["https:\/\/wadowice.schoolpage.pl\/index.php\/przedszkole\/dokumenty\/"]}]},{"@type":"BreadcrumbList","@id":"https:\/\/wadowice.schoolpage.pl\/index.php\/przedszkole\/dokumenty\/#breadcrumb","itemListElement":[{"@type":"ListItem","position":1,"name":"Strona g\u0142\u00f3wna","item":"https:\/\/wadowice.schoolpage.pl\/"},{"@type":"ListItem","position":2,"name":"Przedszkole","item":"https:\/\/wadowice.schoolpage.pl\/index.php\/przedszkole\/"},{"@type":"ListItem","position":3,"name":"Dokumenty"}]},{"@type":"WebSite","@id":"https:\/\/wadowice.schoolpage.pl\/#website","url":"https:\/\/wadowice.schoolpage.pl\/","name":"Przedszkole Publiczne Nr 5","description":"im. dr Gustawa Studnickiego w Wadowicach","potentialAction":[{"@type":"SearchAction","target":{"@type":"EntryPoint","urlTemplate":"https:\/\/wadowice.schoolpage.pl\/?s={search_term_string}"},"query-input":{"@type":"PropertyValueSpecification","valueRequired":true,"valueName":"search_term_string"}}],"inLanguage":"pl-PL"}]}},"_links":{"self":[{"href":"https:\/\/wadowice.schoolpage.pl\/index.php\/wp-json\/wp\/v2\/pages\/62","targetHints":{"allow":["GET"]}}],"collection":[{"href":"https:\/\/wadowice.schoolpage.pl\/index.php\/wp-json\/wp\/v2\/pages"}],"about":[{"href":"https:\/\/wadowice.schoolpage.pl\/index.php\/wp-json\/wp\/v2\/types\/page"}],"author":[{"embeddable":true,"href":"https:\/\/wadowice.schoolpage.pl\/index.php\/wp-json\/wp\/v2\/users\/1"}],"replies":[{"embeddable":true,"href":"https:\/\/wadowice.schoolpage.pl\/index.php\/wp-json\/wp\/v2\/comments?post=62"}],"version-history":[{"count":6,"href":"https:\/\/wadowice.schoolpage.pl\/index.php\/wp-json\/wp\/v2\/pages\/62\/revisions"}],"predecessor-version":[{"id":1988,"href":"https:\/\/wadowice.schoolpage.pl\/index.php\/wp-json\/wp\/v2\/pages\/62\/revisions\/1988"}],"up":[{"embeddable":true,"href":"https:\/\/wadowice.schoolpage.pl\/index.php\/wp-json\/wp\/v2\/pages\/57"}],"wp:attachment":[{"href":"https:\/\/wadowice.schoolpage.pl\/index.php\/wp-json\/wp\/v2\/media?parent=62"}],"curies":[{"name":"wp","href":"https:\/\/api.w.org\/{rel}","templated":true}]}}