{"id":64,"date":"2019-07-28T15:40:25","date_gmt":"2019-07-28T13:40:25","guid":{"rendered":"https:\/\/wadowice.schoolpage.pl\/?page_id=64"},"modified":"2025-03-02T18:34:45","modified_gmt":"2025-03-02T17:34:45","slug":"kadra","status":"publish","type":"page","link":"https:\/\/wadowice.schoolpage.pl\/index.php\/przedszkole\/kadra\/","title":{"rendered":"Kadra Przedszkola Publicznego nr 5 w Wadowicach na rok szkolny 2025\/2026"},"content":{"rendered":"\n<h3 class=\"wp-block-heading\">Kadr\u0119 pedagogiczn\u0105 tworzy zesp\u00f3\u0142 wykszta\u0142conych i kreatywnych nauczycieli dbaj\u0105cych o ciep\u0142\u0105 i przyjazn\u0105 atmosfer\u0119 w przedszkolu.<\/h3>\n\n\n\n<h3 class=\"wp-block-heading\">Posiadaj\u0105 bardzo dobry kontakt z dzie\u0107mi, dostrzegaj\u0105 i rozumiej\u0105 ich potrzeby.<\/h3>\n\n\n\n<h3 class=\"wp-block-heading\">Maj\u0105 du\u017c\u0105 wiedz\u0119 i do\u015bwiadczenie w zakresie edukacji przedszkolnej.<\/h3>\n\n\n\n<h3 class=\"wp-block-heading\">W swojej pracy wykorzystuj\u0105 najnowsze koncepcje, metody i formy pracy.<\/h3>\n\n\n\n<p><strong>Dyrektor<\/strong>\u00a0\u2013\u00a0mgr El\u017cbieta Cholewa<\/p>\n\n\n\n<p><strong>Nauczyciele i personel niepedagogiczny poszczeg\u00f3lnych grup:<\/strong><\/p>\n\n\n\n<p><strong>Grupa \u201e<\/strong>Smerfy&#8221;<\/p>\n\n\n\n<p>Nauczyciele:<\/p>\n\n\n\n<p>mgr Marta \u015alwa \u2013 wychowawca<\/p>\n\n\n\n<p>Anna \u0141asak- wychowawca<\/p>\n\n\n\n<p>Wo\u017ana Oddzia\u0142owa: Miros\u0142awa Stanaszek<\/p>\n\n\n\n<p><strong>Grupa \u201e<\/strong>Smerfy&#8221;<\/p>\n\n\n\n<p>Nauczyciele:<\/p>\n\n\n\n<p>mgr Katarzyna Oko\u0142ot \u2013 wychowawca<\/p>\n\n\n\n<p>mgr Angelika \u017bak- wychowawca<\/p>\n\n\n\n<p>Wo\u017ana Oddzia\u0142owa: Ewa Kasprzycka<\/p>\n\n\n\n<p><strong>Grupa \u201e<\/strong>Krasnale&#8221;<\/p>\n\n\n\n<p>Nauczyciele:<\/p>\n\n\n\n<p>mgr Justyna Mamcarczyk\u2013 wychowawca<\/p>\n\n\n\n<p>Anna \u0141asak &#8211; wychowawca<\/p>\n\n\n\n<p>Wo\u017ana Oddzia\u0142owa: Renata Adamczyk<\/p>\n\n\n\n<p><strong>Grupa \u201e<\/strong>Skrzaty&#8221;<\/p>\n\n\n\n<p>Nauczyciele:<\/p>\n\n\n\n<p>mgr Monika Fornal\u2013 wychowawca<\/p>\n\n\n\n<p>mgr Anna Pasterak &#8211; wychowawca<\/p>\n\n\n\n<p>Wo\u017ana Oddzia\u0142owa: Barbara Czaicka<\/p>\n\n\n\n<p><strong>Grupa \u201e<\/strong>Zuchy&#8221;<\/p>\n\n\n\n<p>Nauczyciele:<\/p>\n\n\n\n<p>mgr Danuta Zaj\u0105c\u2013 wychowawca<\/p>\n\n\n\n<p>mgr El\u017cbieta Cholewa- wychowawca<\/p>\n\n\n\n<p>Wo\u017ana Oddzia\u0142owa: Katarzyna Mos\u00f3r<\/p>\n\n\n\n<p><strong>Grupa <\/strong>&#8222;Elfy&#8221;<\/p>\n\n\n\n<p>Nauczyciele:<\/p>\n\n\n\n<p>mgr Beata Bizo\u0144-Garbacz\u2013 wychowawca<\/p>\n\n\n\n<p>mgr Aleksandra P\u0142onka<\/p>\n\n\n\n<p>Wo\u017ana Oddzia\u0142owa: El\u017cbieta Pieczara<\/p>\n\n\n\n<p><\/p>\n\n\n\n<p><strong>Nauczyciel j\u0119zyka angielskiego:<\/strong><\/p>\n\n\n\n<p>\u2013 mgr Beata Bryndza<\/p>\n\n\n\n<p><strong>Nauczyciel religii<\/strong>i<\/p>\n\n\n\n<p>\u2013 mgr Renata Targosz<\/p>\n\n\n\n<p><strong>Logopeda:<\/strong><\/p>\n\n\n\n<p>\u2013 mgr Monika Fornal<\/p>\n\n\n\n<p>\u2013 mgr Beata Bizo\u0144 &#8211; Garbacz<\/p>\n\n\n\n<p><strong>Psycholog\u00a0<\/strong><\/p>\n\n\n\n<p><strong>\u2013\u00a0<\/strong>mgr Barbara Br\u00f3zda<\/p>\n\n\n\n<p><strong>Pedagodzy:<\/strong><\/p>\n\n\n\n<p>mgr Aleksandra P\u0142onka<\/p>\n\n\n\n<p>mgr Justyna Mamcarczyk<\/p>\n\n\n\n<p>mgr Paulina Gibas-B\u0105k<\/p>\n\n\n\n<p><strong>Sekretariat\u00a0\u2013\u00a0<\/strong>Anna Tatar<\/p>\n\n\n\n<p><strong>Intendent\u00a0\u2013\u00a0<\/strong> Janusz W\u0105troba<\/p>\n\n\n\n<p><strong>Konserwator\u00a0\u2013\u00a0<\/strong>Rafa\u0142 Niesyty<\/p>\n\n\n\n<p><strong>Pracownicy kuchni:<\/strong><\/p>\n\n\n\n<p>\u2013 Ma\u0142gorzata Gawor<\/p>\n\n\n\n<p>\u2013 Agata Radwan<\/p>\n\n\n\n<p>\u2013 Tomasz Obrz\u0105dkiewicz<\/p>\n\n\n\n<p>\u2013 Wojciech Milowski<\/p>\n\n\n\n<p><\/p>\n\n\n\n<figure class=\"wp-block-table\"><table class=\"has-fixed-layout\"><tbody><tr><td><a href=\"http:\/\/www.gdow.pl\/\" target=\"_blank\" rel=\"noreferrer noopener\"><\/a><\/td><td><a href=\"http:\/\/bip.malopolska.pl\/przedszkolegdow\/Article\/id,258548.html\" target=\"_blank\" rel=\"noreferrer noopener\"><\/a><\/td><td><\/td><\/tr><\/tbody><\/table><\/figure>\n\n\n\n<p><\/p>\n\n\n\n<p><\/p>\n\n\n\n<p><\/p>\n","protected":false},"excerpt":{"rendered":"<p>Kadr\u0119 pedagogiczn\u0105 tworzy zesp\u00f3\u0142 wykszta\u0142conych i kreatywnych nauczycieli dbaj\u0105cych o ciep\u0142\u0105 i przyjazn\u0105 atmosfer\u0119 w przedszkolu. Posiadaj\u0105 bardzo dobry kontakt z dzie\u0107mi, dostrzegaj\u0105 i rozumiej\u0105 ich potrzeby. Maj\u0105 du\u017c\u0105 wiedz\u0119 i do\u015bwiadczenie w zakresie edukacji przedszkolnej. W swojej pracy wykorzystuj\u0105<\/p>\n","protected":false},"author":1,"featured_media":0,"parent":57,"menu_order":0,"comment_status":"closed","ping_status":"closed","template":"","meta":{"footnotes":""},"class_list":["post-64","page","type-page","status-publish","hentry"],"yoast_head":"<!-- This site is optimized with the Yoast SEO plugin v27.5 - https:\/\/yoast.com\/product\/yoast-seo-wordpress\/ -->\n<title>Kadra Przedszkola Publicznego nr 5 w Wadowicach na rok szkolny 2025\/2026 - Przedszkole Publiczne Nr 5<\/title>\n<meta name=\"robots\" content=\"index, follow, max-snippet:-1, max-image-preview:large, max-video-preview:-1\" \/>\n<link rel=\"canonical\" href=\"https:\/\/wadowice.schoolpage.pl\/index.php\/przedszkole\/kadra\/\" \/>\n<meta property=\"og:locale\" content=\"pl_PL\" \/>\n<meta property=\"og:type\" content=\"article\" \/>\n<meta property=\"og:title\" content=\"Kadra Przedszkola Publicznego nr 5 w Wadowicach na rok szkolny 2025\/2026 - Przedszkole Publiczne Nr 5\" \/>\n<meta property=\"og:description\" content=\"Kadr\u0119 pedagogiczn\u0105 tworzy zesp\u00f3\u0142 wykszta\u0142conych i kreatywnych nauczycieli dbaj\u0105cych o ciep\u0142\u0105 i przyjazn\u0105 atmosfer\u0119 w przedszkolu. Posiadaj\u0105 bardzo dobry kontakt z dzie\u0107mi, dostrzegaj\u0105 i rozumiej\u0105 ich potrzeby. Maj\u0105 du\u017c\u0105 wiedz\u0119 i do\u015bwiadczenie w zakresie edukacji przedszkolnej. W swojej pracy wykorzystuj\u0105\" \/>\n<meta property=\"og:url\" content=\"https:\/\/wadowice.schoolpage.pl\/index.php\/przedszkole\/kadra\/\" \/>\n<meta property=\"og:site_name\" content=\"Przedszkole Publiczne Nr 5\" \/>\n<meta property=\"article:modified_time\" content=\"2025-03-02T17:34:45+00:00\" \/>\n<meta name=\"twitter:card\" content=\"summary_large_image\" \/>\n<meta name=\"twitter:label1\" content=\"Szacowany czas czytania\" \/>\n\t<meta name=\"twitter:data1\" content=\"2 minuty\" \/>\n<script type=\"application\/ld+json\" class=\"yoast-schema-graph\">{\"@context\":\"https:\\\/\\\/schema.org\",\"@graph\":[{\"@type\":\"WebPage\",\"@id\":\"https:\\\/\\\/wadowice.schoolpage.pl\\\/index.php\\\/przedszkole\\\/kadra\\\/\",\"url\":\"https:\\\/\\\/wadowice.schoolpage.pl\\\/index.php\\\/przedszkole\\\/kadra\\\/\",\"name\":\"Kadra Przedszkola Publicznego nr 5 w Wadowicach na rok szkolny 2025\\\/2026 - Przedszkole Publiczne Nr 5\",\"isPartOf\":{\"@id\":\"https:\\\/\\\/wadowice.schoolpage.pl\\\/#website\"},\"datePublished\":\"2019-07-28T13:40:25+00:00\",\"dateModified\":\"2025-03-02T17:34:45+00:00\",\"breadcrumb\":{\"@id\":\"https:\\\/\\\/wadowice.schoolpage.pl\\\/index.php\\\/przedszkole\\\/kadra\\\/#breadcrumb\"},\"inLanguage\":\"pl-PL\",\"potentialAction\":[{\"@type\":\"ReadAction\",\"target\":[\"https:\\\/\\\/wadowice.schoolpage.pl\\\/index.php\\\/przedszkole\\\/kadra\\\/\"]}]},{\"@type\":\"BreadcrumbList\",\"@id\":\"https:\\\/\\\/wadowice.schoolpage.pl\\\/index.php\\\/przedszkole\\\/kadra\\\/#breadcrumb\",\"itemListElement\":[{\"@type\":\"ListItem\",\"position\":1,\"name\":\"Strona g\u0142\u00f3wna\",\"item\":\"https:\\\/\\\/wadowice.schoolpage.pl\\\/\"},{\"@type\":\"ListItem\",\"position\":2,\"name\":\"Przedszkole\",\"item\":\"https:\\\/\\\/wadowice.schoolpage.pl\\\/index.php\\\/przedszkole\\\/\"},{\"@type\":\"ListItem\",\"position\":3,\"name\":\"Kadra Przedszkola Publicznego nr 5 w Wadowicach na rok szkolny 2025\\\/2026\"}]},{\"@type\":\"WebSite\",\"@id\":\"https:\\\/\\\/wadowice.schoolpage.pl\\\/#website\",\"url\":\"https:\\\/\\\/wadowice.schoolpage.pl\\\/\",\"name\":\"Przedszkole Publiczne Nr 5\",\"description\":\"im. dr Gustawa Studnickiego w Wadowicach\",\"potentialAction\":[{\"@type\":\"SearchAction\",\"target\":{\"@type\":\"EntryPoint\",\"urlTemplate\":\"https:\\\/\\\/wadowice.schoolpage.pl\\\/?s={search_term_string}\"},\"query-input\":{\"@type\":\"PropertyValueSpecification\",\"valueRequired\":true,\"valueName\":\"search_term_string\"}}],\"inLanguage\":\"pl-PL\"}]}<\/script>\n<!-- \/ Yoast SEO plugin. -->","yoast_head_json":{"title":"Kadra Przedszkola Publicznego nr 5 w Wadowicach na rok szkolny 2025\/2026 - Przedszkole Publiczne Nr 5","robots":{"index":"index","follow":"follow","max-snippet":"max-snippet:-1","max-image-preview":"max-image-preview:large","max-video-preview":"max-video-preview:-1"},"canonical":"https:\/\/wadowice.schoolpage.pl\/index.php\/przedszkole\/kadra\/","og_locale":"pl_PL","og_type":"article","og_title":"Kadra Przedszkola Publicznego nr 5 w Wadowicach na rok szkolny 2025\/2026 - Przedszkole Publiczne Nr 5","og_description":"Kadr\u0119 pedagogiczn\u0105 tworzy zesp\u00f3\u0142 wykszta\u0142conych i kreatywnych nauczycieli dbaj\u0105cych o ciep\u0142\u0105 i przyjazn\u0105 atmosfer\u0119 w przedszkolu. Posiadaj\u0105 bardzo dobry kontakt z dzie\u0107mi, dostrzegaj\u0105 i rozumiej\u0105 ich potrzeby. Maj\u0105 du\u017c\u0105 wiedz\u0119 i do\u015bwiadczenie w zakresie edukacji przedszkolnej. W swojej pracy wykorzystuj\u0105","og_url":"https:\/\/wadowice.schoolpage.pl\/index.php\/przedszkole\/kadra\/","og_site_name":"Przedszkole Publiczne Nr 5","article_modified_time":"2025-03-02T17:34:45+00:00","twitter_card":"summary_large_image","twitter_misc":{"Szacowany czas czytania":"2 minuty"},"schema":{"@context":"https:\/\/schema.org","@graph":[{"@type":"WebPage","@id":"https:\/\/wadowice.schoolpage.pl\/index.php\/przedszkole\/kadra\/","url":"https:\/\/wadowice.schoolpage.pl\/index.php\/przedszkole\/kadra\/","name":"Kadra Przedszkola Publicznego nr 5 w Wadowicach na rok szkolny 2025\/2026 - Przedszkole Publiczne Nr 5","isPartOf":{"@id":"https:\/\/wadowice.schoolpage.pl\/#website"},"datePublished":"2019-07-28T13:40:25+00:00","dateModified":"2025-03-02T17:34:45+00:00","breadcrumb":{"@id":"https:\/\/wadowice.schoolpage.pl\/index.php\/przedszkole\/kadra\/#breadcrumb"},"inLanguage":"pl-PL","potentialAction":[{"@type":"ReadAction","target":["https:\/\/wadowice.schoolpage.pl\/index.php\/przedszkole\/kadra\/"]}]},{"@type":"BreadcrumbList","@id":"https:\/\/wadowice.schoolpage.pl\/index.php\/przedszkole\/kadra\/#breadcrumb","itemListElement":[{"@type":"ListItem","position":1,"name":"Strona g\u0142\u00f3wna","item":"https:\/\/wadowice.schoolpage.pl\/"},{"@type":"ListItem","position":2,"name":"Przedszkole","item":"https:\/\/wadowice.schoolpage.pl\/index.php\/przedszkole\/"},{"@type":"ListItem","position":3,"name":"Kadra Przedszkola Publicznego nr 5 w Wadowicach na rok szkolny 2025\/2026"}]},{"@type":"WebSite","@id":"https:\/\/wadowice.schoolpage.pl\/#website","url":"https:\/\/wadowice.schoolpage.pl\/","name":"Przedszkole Publiczne Nr 5","description":"im. dr Gustawa Studnickiego w Wadowicach","potentialAction":[{"@type":"SearchAction","target":{"@type":"EntryPoint","urlTemplate":"https:\/\/wadowice.schoolpage.pl\/?s={search_term_string}"},"query-input":{"@type":"PropertyValueSpecification","valueRequired":true,"valueName":"search_term_string"}}],"inLanguage":"pl-PL"}]}},"_links":{"self":[{"href":"https:\/\/wadowice.schoolpage.pl\/index.php\/wp-json\/wp\/v2\/pages\/64","targetHints":{"allow":["GET"]}}],"collection":[{"href":"https:\/\/wadowice.schoolpage.pl\/index.php\/wp-json\/wp\/v2\/pages"}],"about":[{"href":"https:\/\/wadowice.schoolpage.pl\/index.php\/wp-json\/wp\/v2\/types\/page"}],"author":[{"embeddable":true,"href":"https:\/\/wadowice.schoolpage.pl\/index.php\/wp-json\/wp\/v2\/users\/1"}],"replies":[{"embeddable":true,"href":"https:\/\/wadowice.schoolpage.pl\/index.php\/wp-json\/wp\/v2\/comments?post=64"}],"version-history":[{"count":2,"href":"https:\/\/wadowice.schoolpage.pl\/index.php\/wp-json\/wp\/v2\/pages\/64\/revisions"}],"predecessor-version":[{"id":2332,"href":"https:\/\/wadowice.schoolpage.pl\/index.php\/wp-json\/wp\/v2\/pages\/64\/revisions\/2332"}],"up":[{"embeddable":true,"href":"https:\/\/wadowice.schoolpage.pl\/index.php\/wp-json\/wp\/v2\/pages\/57"}],"wp:attachment":[{"href":"https:\/\/wadowice.schoolpage.pl\/index.php\/wp-json\/wp\/v2\/media?parent=64"}],"curies":[{"name":"wp","href":"https:\/\/api.w.org\/{rel}","templated":true}]}}