{"id":84,"date":"2019-07-28T15:44:35","date_gmt":"2019-07-28T13:44:35","guid":{"rendered":"https:\/\/wadowice.schoolpage.pl\/?page_id=84"},"modified":"2020-02-07T10:28:13","modified_gmt":"2020-02-07T09:28:13","slug":"strona-glowna-2","status":"publish","type":"page","link":"https:\/\/wadowice.schoolpage.pl\/","title":{"rendered":"Strona g\u0142\u00f3wna"},"content":{"rendered":"\n<figure class=\"wp-block-image is-resized\"><img loading=\"lazy\" decoding=\"async\" src=\"https:\/\/wadowice.schoolpage.pl\/wp-content\/uploads\/2020\/02\/przedszkole.jpg\" alt=\"\" class=\"wp-image-172\" width=\"596\" height=\"413\"\/><\/figure>\n\n\n\n<p class=\"has-text-color has-vivid-cyan-blue-color\"><strong>Serdecznie witamy na stronie internetowej naszego przedszkola. Odt\u0105d b\u0119dziemy widoczni pod adresem: www.wadowice.schoolpage.pl<\/strong><\/p>\n\n\n\n<p>W naszym PRZEDSZKOLU mi\u0142o sp\u0119dzamy czas:<br>\n-uczestniczymy w ciekawych zaj\u0119ciach z r\u00f3\u017cnych dziedzin poprzez zabaw\u0119;<br>\n-organizujemy wiele interesuj\u0105cych spotka\u0144 z wyj\u0105tkowymi go\u015b\u0107mi;<br>\n&#8211; obchodzimy tradycyjne \u015bwi\u0119ta i uroczysto\u015bci oraz te nietypowe;<br>\n-bawimy si\u0119 \u015bwietnie w przedszkolu oraz na placu zabaw;<br>\n-wyje\u017cd\u017camy na wycieczki,spacerujemy i obcujemy z przyrod\u0105, kt\u00f3ra nas otacza.<\/p>\n","protected":false},"excerpt":{"rendered":"<p>Serdecznie witamy na stronie internetowej naszego przedszkola. Odt\u0105d b\u0119dziemy widoczni pod adresem: www.wadowice.schoolpage.pl W naszym PRZEDSZKOLU mi\u0142o sp\u0119dzamy czas: -uczestniczymy w ciekawych zaj\u0119ciach z r\u00f3\u017cnych dziedzin poprzez zabaw\u0119; -organizujemy wiele interesuj\u0105cych spotka\u0144 z wyj\u0105tkowymi go\u015b\u0107mi; &#8211; obchodzimy tradycyjne \u015bwi\u0119ta i<\/p>\n","protected":false},"author":1,"featured_media":172,"parent":0,"menu_order":0,"comment_status":"closed","ping_status":"closed","template":"","meta":{"footnotes":""},"class_list":["post-84","page","type-page","status-publish","has-post-thumbnail","hentry"],"yoast_head":"<!-- This site is optimized with the Yoast SEO plugin v27.6 - https:\/\/yoast.com\/product\/yoast-seo-wordpress\/ -->\n<title>Strona g\u0142\u00f3wna - Przedszkole Publiczne Nr 5<\/title>\n<meta name=\"robots\" content=\"index, follow, max-snippet:-1, max-image-preview:large, max-video-preview:-1\" \/>\n<link rel=\"canonical\" href=\"https:\/\/wadowice.schoolpage.pl\/\" \/>\n<meta property=\"og:locale\" content=\"pl_PL\" \/>\n<meta property=\"og:type\" content=\"article\" \/>\n<meta property=\"og:title\" content=\"Strona g\u0142\u00f3wna - Przedszkole Publiczne Nr 5\" \/>\n<meta property=\"og:description\" content=\"Serdecznie witamy na stronie internetowej naszego przedszkola. Odt\u0105d b\u0119dziemy widoczni pod adresem: www.wadowice.schoolpage.pl W naszym PRZEDSZKOLU mi\u0142o sp\u0119dzamy czas: -uczestniczymy w ciekawych zaj\u0119ciach z r\u00f3\u017cnych dziedzin poprzez zabaw\u0119; -organizujemy wiele interesuj\u0105cych spotka\u0144 z wyj\u0105tkowymi go\u015b\u0107mi; &#8211; obchodzimy tradycyjne \u015bwi\u0119ta i\" \/>\n<meta property=\"og:url\" content=\"https:\/\/wadowice.schoolpage.pl\/\" \/>\n<meta property=\"og:site_name\" content=\"Przedszkole Publiczne Nr 5\" \/>\n<meta property=\"article:modified_time\" content=\"2020-02-07T09:28:13+00:00\" \/>\n<meta property=\"og:image\" content=\"https:\/\/wadowice.schoolpage.pl\/wp-content\/uploads\/2020\/02\/przedszkole.jpg\" \/>\n\t<meta property=\"og:image:width\" content=\"270\" \/>\n\t<meta property=\"og:image:height\" content=\"187\" \/>\n\t<meta property=\"og:image:type\" content=\"image\/jpeg\" \/>\n<meta name=\"twitter:card\" content=\"summary_large_image\" \/>\n<script type=\"application\/ld+json\" class=\"yoast-schema-graph\">{\"@context\":\"https:\\\/\\\/schema.org\",\"@graph\":[{\"@type\":\"WebPage\",\"@id\":\"https:\\\/\\\/wadowice.schoolpage.pl\\\/\",\"url\":\"https:\\\/\\\/wadowice.schoolpage.pl\\\/\",\"name\":\"Strona g\u0142\u00f3wna - Przedszkole Publiczne Nr 5\",\"isPartOf\":{\"@id\":\"https:\\\/\\\/wadowice.schoolpage.pl\\\/#website\"},\"primaryImageOfPage\":{\"@id\":\"https:\\\/\\\/wadowice.schoolpage.pl\\\/#primaryimage\"},\"image\":{\"@id\":\"https:\\\/\\\/wadowice.schoolpage.pl\\\/#primaryimage\"},\"thumbnailUrl\":\"https:\\\/\\\/wadowice.schoolpage.pl\\\/wp-content\\\/uploads\\\/2020\\\/02\\\/przedszkole.jpg\",\"datePublished\":\"2019-07-28T13:44:35+00:00\",\"dateModified\":\"2020-02-07T09:28:13+00:00\",\"breadcrumb\":{\"@id\":\"https:\\\/\\\/wadowice.schoolpage.pl\\\/#breadcrumb\"},\"inLanguage\":\"pl-PL\",\"potentialAction\":[{\"@type\":\"ReadAction\",\"target\":[\"https:\\\/\\\/wadowice.schoolpage.pl\\\/\"]}]},{\"@type\":\"ImageObject\",\"inLanguage\":\"pl-PL\",\"@id\":\"https:\\\/\\\/wadowice.schoolpage.pl\\\/#primaryimage\",\"url\":\"https:\\\/\\\/wadowice.schoolpage.pl\\\/wp-content\\\/uploads\\\/2020\\\/02\\\/przedszkole.jpg\",\"contentUrl\":\"https:\\\/\\\/wadowice.schoolpage.pl\\\/wp-content\\\/uploads\\\/2020\\\/02\\\/przedszkole.jpg\",\"width\":270,\"height\":187},{\"@type\":\"BreadcrumbList\",\"@id\":\"https:\\\/\\\/wadowice.schoolpage.pl\\\/#breadcrumb\",\"itemListElement\":[{\"@type\":\"ListItem\",\"position\":1,\"name\":\"Strona g\u0142\u00f3wna\",\"item\":\"https:\\\/\\\/wadowice.schoolpage.pl\\\/\"},{\"@type\":\"ListItem\",\"position\":2,\"name\":\"Strona g\u0142\u00f3wna\"}]},{\"@type\":\"WebSite\",\"@id\":\"https:\\\/\\\/wadowice.schoolpage.pl\\\/#website\",\"url\":\"https:\\\/\\\/wadowice.schoolpage.pl\\\/\",\"name\":\"Przedszkole Publiczne Nr 5\",\"description\":\"im. dr Gustawa Studnickiego w Wadowicach\",\"potentialAction\":[{\"@type\":\"SearchAction\",\"target\":{\"@type\":\"EntryPoint\",\"urlTemplate\":\"https:\\\/\\\/wadowice.schoolpage.pl\\\/?s={search_term_string}\"},\"query-input\":{\"@type\":\"PropertyValueSpecification\",\"valueRequired\":true,\"valueName\":\"search_term_string\"}}],\"inLanguage\":\"pl-PL\"}]}<\/script>\n<!-- \/ Yoast SEO plugin. -->","yoast_head_json":{"title":"Strona g\u0142\u00f3wna - Przedszkole Publiczne Nr 5","robots":{"index":"index","follow":"follow","max-snippet":"max-snippet:-1","max-image-preview":"max-image-preview:large","max-video-preview":"max-video-preview:-1"},"canonical":"https:\/\/wadowice.schoolpage.pl\/","og_locale":"pl_PL","og_type":"article","og_title":"Strona g\u0142\u00f3wna - Przedszkole Publiczne Nr 5","og_description":"Serdecznie witamy na stronie internetowej naszego przedszkola. Odt\u0105d b\u0119dziemy widoczni pod adresem: www.wadowice.schoolpage.pl W naszym PRZEDSZKOLU mi\u0142o sp\u0119dzamy czas: -uczestniczymy w ciekawych zaj\u0119ciach z r\u00f3\u017cnych dziedzin poprzez zabaw\u0119; -organizujemy wiele interesuj\u0105cych spotka\u0144 z wyj\u0105tkowymi go\u015b\u0107mi; &#8211; obchodzimy tradycyjne \u015bwi\u0119ta i","og_url":"https:\/\/wadowice.schoolpage.pl\/","og_site_name":"Przedszkole Publiczne Nr 5","article_modified_time":"2020-02-07T09:28:13+00:00","og_image":[{"width":270,"height":187,"url":"https:\/\/wadowice.schoolpage.pl\/wp-content\/uploads\/2020\/02\/przedszkole.jpg","type":"image\/jpeg"}],"twitter_card":"summary_large_image","schema":{"@context":"https:\/\/schema.org","@graph":[{"@type":"WebPage","@id":"https:\/\/wadowice.schoolpage.pl\/","url":"https:\/\/wadowice.schoolpage.pl\/","name":"Strona g\u0142\u00f3wna - Przedszkole Publiczne Nr 5","isPartOf":{"@id":"https:\/\/wadowice.schoolpage.pl\/#website"},"primaryImageOfPage":{"@id":"https:\/\/wadowice.schoolpage.pl\/#primaryimage"},"image":{"@id":"https:\/\/wadowice.schoolpage.pl\/#primaryimage"},"thumbnailUrl":"https:\/\/wadowice.schoolpage.pl\/wp-content\/uploads\/2020\/02\/przedszkole.jpg","datePublished":"2019-07-28T13:44:35+00:00","dateModified":"2020-02-07T09:28:13+00:00","breadcrumb":{"@id":"https:\/\/wadowice.schoolpage.pl\/#breadcrumb"},"inLanguage":"pl-PL","potentialAction":[{"@type":"ReadAction","target":["https:\/\/wadowice.schoolpage.pl\/"]}]},{"@type":"ImageObject","inLanguage":"pl-PL","@id":"https:\/\/wadowice.schoolpage.pl\/#primaryimage","url":"https:\/\/wadowice.schoolpage.pl\/wp-content\/uploads\/2020\/02\/przedszkole.jpg","contentUrl":"https:\/\/wadowice.schoolpage.pl\/wp-content\/uploads\/2020\/02\/przedszkole.jpg","width":270,"height":187},{"@type":"BreadcrumbList","@id":"https:\/\/wadowice.schoolpage.pl\/#breadcrumb","itemListElement":[{"@type":"ListItem","position":1,"name":"Strona g\u0142\u00f3wna","item":"https:\/\/wadowice.schoolpage.pl\/"},{"@type":"ListItem","position":2,"name":"Strona g\u0142\u00f3wna"}]},{"@type":"WebSite","@id":"https:\/\/wadowice.schoolpage.pl\/#website","url":"https:\/\/wadowice.schoolpage.pl\/","name":"Przedszkole Publiczne Nr 5","description":"im. dr Gustawa Studnickiego w Wadowicach","potentialAction":[{"@type":"SearchAction","target":{"@type":"EntryPoint","urlTemplate":"https:\/\/wadowice.schoolpage.pl\/?s={search_term_string}"},"query-input":{"@type":"PropertyValueSpecification","valueRequired":true,"valueName":"search_term_string"}}],"inLanguage":"pl-PL"}]}},"_links":{"self":[{"href":"https:\/\/wadowice.schoolpage.pl\/index.php\/wp-json\/wp\/v2\/pages\/84","targetHints":{"allow":["GET"]}}],"collection":[{"href":"https:\/\/wadowice.schoolpage.pl\/index.php\/wp-json\/wp\/v2\/pages"}],"about":[{"href":"https:\/\/wadowice.schoolpage.pl\/index.php\/wp-json\/wp\/v2\/types\/page"}],"author":[{"embeddable":true,"href":"https:\/\/wadowice.schoolpage.pl\/index.php\/wp-json\/wp\/v2\/users\/1"}],"replies":[{"embeddable":true,"href":"https:\/\/wadowice.schoolpage.pl\/index.php\/wp-json\/wp\/v2\/comments?post=84"}],"version-history":[{"count":4,"href":"https:\/\/wadowice.schoolpage.pl\/index.php\/wp-json\/wp\/v2\/pages\/84\/revisions"}],"predecessor-version":[{"id":176,"href":"https:\/\/wadowice.schoolpage.pl\/index.php\/wp-json\/wp\/v2\/pages\/84\/revisions\/176"}],"wp:featuredmedia":[{"embeddable":true,"href":"https:\/\/wadowice.schoolpage.pl\/index.php\/wp-json\/wp\/v2\/media\/172"}],"wp:attachment":[{"href":"https:\/\/wadowice.schoolpage.pl\/index.php\/wp-json\/wp\/v2\/media?parent=84"}],"curies":[{"name":"wp","href":"https:\/\/api.w.org\/{rel}","templated":true}]}}